{"id":511,"date":"2022-05-28T12:38:03","date_gmt":"2022-05-28T09:38:03","guid":{"rendered":"https:\/\/visitoulufi.test.cchosting.fi\/?page_id=511"},"modified":"2025-09-15T13:35:27","modified_gmt":"2025-09-15T10:35:27","slug":"info","status":"publish","type":"page","link":"http:\/\/visitoulufi-2025-10-14_10_27_17.test.cchosting.fi\/en\/info\/","title":{"rendered":"Tourist information"},"content":{"rendered":"<p><\/p>\n\n\n\n<p class=\"has-text-align-center\">With expert tips from the Tourist Information Centre, your visit to the northern city of culture and events will be a memorable one. From sightseeing to shopping, events to activities, our tourist advisors will give you practical information to plan your visit. At the service point, you can also shop from the Oulu Shop's selection of local Oulu products.<\/p>\n\n\n\n<p class=\"has-text-align-center\"><strong>Try <a href=\"https:\/\/open.reveel.guide\/guidebook\/018fa541-149c-7330-98c4-e2297b0290e7\">Here<\/a> a new digital guide:<\/strong><\/p>\n\n\n\n<p class=\"has-text-align-center\"><a href=\"https:\/\/open.reveel.guide\/guidebook\/018fa541-149c-7330-98c4-e2297b0290e7\"><img decoding=\"async\" width=\"250\" height=\"292\" class=\"wp-image-10497\" style=\"width: 250px;\" src=\"https:\/\/visitoulufi-2025-10-14_10_27_17.test.cchosting.fi\/wp-content\/uploads\/2025\/05\/kuva.png\" alt=\"\" srcset=\"https:\/\/visitoulufi-2025-10-14_10_27_17.test.cchosting.fi\/wp-content\/uploads\/2025\/05\/kuva.png 600w, https:\/\/visitoulufi-2025-10-14_10_27_17.test.cchosting.fi\/wp-content\/uploads\/2025\/05\/kuva-257x300.png 257w\" sizes=\"(max-width: 250px) 100vw, 250px\" \/><\/a><\/p>\n\n\n\n<p><\/p>","protected":false},"excerpt":{"rendered":"<p>Matkailuneuvonnan asiantuntevilla vinkeill\u00e4 vierailustasi pohjoisessa kulttuuri- ja tapahtumakaupungissa tulee mieleenpainuva. Matkailuneuvojilta saat k\u00e4yt\u00e4nn\u00f6llist\u00e4 tietoa vierailusi suunnittelemiseksi n\u00e4ht\u00e4vyyksist\u00e4 ostosmahdollisuuksiin ja tapahtumista aktiviteetteihin. Palvelupisteell\u00e4 voit lis\u00e4ksi tehd\u00e4 ostoksia Oulu Shopin paikallisia Oulu-tuotteita sis\u00e4lt\u00e4v\u00e4st\u00e4 valikoimasta. Kokeile t\u00e4st\u00e4 uutta digitaalista opasta: [&#8230;]<\/p>\n<p><a class=\"btn btn-secondary understrap-read-more-link\" href=\"http:\/\/visitoulufi-2025-10-14_10_27_17.test.cchosting.fi\/en\/info\/\">Read More&#8230;<span class=\"screen-reader-text\"> from Matkailuinfo<\/span><\/a><\/p>","protected":false},"author":10,"featured_media":8019,"parent":0,"menu_order":0,"comment_status":"closed","ping_status":"closed","template":"","meta":{"_acf_changed":false,"content-type":"","footnotes":""},"coauthors":[164],"class_list":["post-511","page","type-page","status-publish","has-post-thumbnail","hentry"],"acf":[],"yoast_head":"<!-- This site is optimized with the Yoast SEO plugin v26.0 - https:\/\/yoast.com\/wordpress\/plugins\/seo\/ -->\n<title>Matkailuinfo - Visit Oulu<\/title>\n<meta name=\"robots\" content=\"index, follow, max-snippet:-1, max-image-preview:large, max-video-preview:-1\" \/>\n<link rel=\"canonical\" href=\"https:\/\/visitoulufi-2025-10-14_10_27_17.test.cchosting.fi\/en\/info\/\" \/>\n<meta property=\"og:locale\" content=\"en_US\" \/>\n<meta property=\"og:type\" content=\"article\" \/>\n<meta property=\"og:title\" content=\"Matkailuinfo - Visit Oulu\" \/>\n<meta property=\"og:description\" content=\"Matkailuneuvonnan asiantuntevilla vinkeill\u00e4 vierailustasi pohjoisessa kulttuuri- ja tapahtumakaupungissa tulee mieleenpainuva. Matkailuneuvojilta saat k\u00e4yt\u00e4nn\u00f6llist\u00e4 tietoa vierailusi suunnittelemiseksi n\u00e4ht\u00e4vyyksist\u00e4 ostosmahdollisuuksiin ja tapahtumista aktiviteetteihin. Palvelupisteell\u00e4 voit lis\u00e4ksi tehd\u00e4 ostoksia Oulu Shopin paikallisia Oulu-tuotteita sis\u00e4lt\u00e4v\u00e4st\u00e4 valikoimasta. Kokeile t\u00e4st\u00e4 uutta digitaalista opasta: [...]Read More... from Matkailuinfo\" \/>\n<meta property=\"og:url\" content=\"https:\/\/visitoulufi-2025-10-14_10_27_17.test.cchosting.fi\/en\/info\/\" \/>\n<meta property=\"og:site_name\" content=\"Visit Oulu\" \/>\n<meta property=\"article:modified_time\" content=\"2025-09-15T10:35:27+00:00\" \/>\n<meta property=\"og:image\" content=\"https:\/\/visitoulufi-2025-10-14_10_27_17.test.cchosting.fi\/wp-content\/uploads\/2024\/07\/207A0316.jpg\" \/>\n\t<meta property=\"og:image:width\" content=\"1920\" \/>\n\t<meta property=\"og:image:height\" content=\"1280\" \/>\n\t<meta property=\"og:image:type\" content=\"image\/jpeg\" \/>\n<meta name=\"twitter:card\" content=\"summary_large_image\" \/>\n<meta name=\"twitter:label1\" content=\"Est. reading time\" \/>\n\t<meta name=\"twitter:data1\" content=\"4 minutes\" \/>\n\t<meta name=\"twitter:label2\" content=\"Written by\" \/>\n\t<meta name=\"twitter:data2\" content=\"Matkailuneuvonta\" \/>\n<script type=\"application\/ld+json\" class=\"yoast-schema-graph\">{\"@context\":\"https:\/\/schema.org\",\"@graph\":[{\"@type\":\"WebPage\",\"@id\":\"https:\/\/visitoulufi-2025-10-14_10_27_17.test.cchosting.fi\/info\/\",\"url\":\"https:\/\/visitoulufi-2025-10-14_10_27_17.test.cchosting.fi\/info\/\",\"name\":\"Matkailuinfo - Visit Oulu\",\"isPartOf\":{\"@id\":\"https:\/\/visitoulufi-2025-10-14_10_27_17.test.cchosting.fi\/#website\"},\"primaryImageOfPage\":{\"@id\":\"https:\/\/visitoulufi-2025-10-14_10_27_17.test.cchosting.fi\/info\/#primaryimage\"},\"image\":{\"@id\":\"https:\/\/visitoulufi-2025-10-14_10_27_17.test.cchosting.fi\/info\/#primaryimage\"},\"thumbnailUrl\":\"https:\/\/visitoulufi-2025-10-14_10_27_17.test.cchosting.fi\/wp-content\/uploads\/2024\/07\/207A0316.jpg\",\"datePublished\":\"2022-05-28T09:38:03+00:00\",\"dateModified\":\"2025-09-15T10:35:27+00:00\",\"breadcrumb\":{\"@id\":\"https:\/\/visitoulufi-2025-10-14_10_27_17.test.cchosting.fi\/info\/#breadcrumb\"},\"inLanguage\":\"en-US\",\"potentialAction\":[{\"@type\":\"ReadAction\",\"target\":[\"https:\/\/visitoulufi-2025-10-14_10_27_17.test.cchosting.fi\/info\/\"]}]},{\"@type\":\"ImageObject\",\"inLanguage\":\"en-US\",\"@id\":\"https:\/\/visitoulufi-2025-10-14_10_27_17.test.cchosting.fi\/info\/#primaryimage\",\"url\":\"https:\/\/visitoulufi-2025-10-14_10_27_17.test.cchosting.fi\/wp-content\/uploads\/2024\/07\/207A0316.jpg\",\"contentUrl\":\"https:\/\/visitoulufi-2025-10-14_10_27_17.test.cchosting.fi\/wp-content\/uploads\/2024\/07\/207A0316.jpg\",\"width\":1920,\"height\":1280},{\"@type\":\"BreadcrumbList\",\"@id\":\"https:\/\/visitoulufi-2025-10-14_10_27_17.test.cchosting.fi\/info\/#breadcrumb\",\"itemListElement\":[{\"@type\":\"ListItem\",\"position\":1,\"name\":\"Etusivu\",\"item\":\"https:\/\/visitoulufi-2025-10-14_10_27_17.test.cchosting.fi\/\"},{\"@type\":\"ListItem\",\"position\":2,\"name\":\"Matkailuinfo\"}]},{\"@type\":\"WebSite\",\"@id\":\"https:\/\/visitoulufi-2025-10-14_10_27_17.test.cchosting.fi\/#website\",\"url\":\"https:\/\/visitoulufi-2025-10-14_10_27_17.test.cchosting.fi\/\",\"name\":\"Visit Oulu\",\"description\":\"\",\"potentialAction\":[{\"@type\":\"SearchAction\",\"target\":{\"@type\":\"EntryPoint\",\"urlTemplate\":\"https:\/\/visitoulufi-2025-10-14_10_27_17.test.cchosting.fi\/?s={search_term_string}\"},\"query-input\":{\"@type\":\"PropertyValueSpecification\",\"valueRequired\":true,\"valueName\":\"search_term_string\"}}],\"inLanguage\":\"en-US\"}]}<\/script>\n<!-- \/ Yoast SEO plugin. -->","yoast_head_json":{"title":"Tourist information - Visit Oulu","robots":{"index":"index","follow":"follow","max-snippet":"max-snippet:-1","max-image-preview":"max-image-preview:large","max-video-preview":"max-video-preview:-1"},"canonical":"https:\/\/visitoulufi-2025-10-14_10_27_17.test.cchosting.fi\/en\/info\/","og_locale":"en_US","og_type":"article","og_title":"Matkailuinfo - Visit Oulu","og_description":"Matkailuneuvonnan asiantuntevilla vinkeill\u00e4 vierailustasi pohjoisessa kulttuuri- ja tapahtumakaupungissa tulee mieleenpainuva. Matkailuneuvojilta saat k\u00e4yt\u00e4nn\u00f6llist\u00e4 tietoa vierailusi suunnittelemiseksi n\u00e4ht\u00e4vyyksist\u00e4 ostosmahdollisuuksiin ja tapahtumista aktiviteetteihin. Palvelupisteell\u00e4 voit lis\u00e4ksi tehd\u00e4 ostoksia Oulu Shopin paikallisia Oulu-tuotteita sis\u00e4lt\u00e4v\u00e4st\u00e4 valikoimasta. Kokeile t\u00e4st\u00e4 uutta digitaalista opasta: [...]Read More... from Matkailuinfo","og_url":"https:\/\/visitoulufi-2025-10-14_10_27_17.test.cchosting.fi\/en\/info\/","og_site_name":"Visit Oulu","article_modified_time":"2025-09-15T10:35:27+00:00","og_image":[{"width":1920,"height":1280,"url":"https:\/\/visitoulufi-2025-10-14_10_27_17.test.cchosting.fi\/wp-content\/uploads\/2024\/07\/207A0316.jpg","type":"image\/jpeg"}],"twitter_card":"summary_large_image","twitter_misc":{"Est. reading time":"4 minutes","Written by":"Matkailuneuvonta"},"schema":{"@context":"https:\/\/schema.org","@graph":[{"@type":"WebPage","@id":"https:\/\/visitoulufi-2025-10-14_10_27_17.test.cchosting.fi\/info\/","url":"https:\/\/visitoulufi-2025-10-14_10_27_17.test.cchosting.fi\/info\/","name":"Tourist information - Visit Oulu","isPartOf":{"@id":"https:\/\/visitoulufi-2025-10-14_10_27_17.test.cchosting.fi\/#website"},"primaryImageOfPage":{"@id":"https:\/\/visitoulufi-2025-10-14_10_27_17.test.cchosting.fi\/info\/#primaryimage"},"image":{"@id":"https:\/\/visitoulufi-2025-10-14_10_27_17.test.cchosting.fi\/info\/#primaryimage"},"thumbnailUrl":"https:\/\/visitoulufi-2025-10-14_10_27_17.test.cchosting.fi\/wp-content\/uploads\/2024\/07\/207A0316.jpg","datePublished":"2022-05-28T09:38:03+00:00","dateModified":"2025-09-15T10:35:27+00:00","breadcrumb":{"@id":"https:\/\/visitoulufi-2025-10-14_10_27_17.test.cchosting.fi\/info\/#breadcrumb"},"inLanguage":"en-US","potentialAction":[{"@type":"ReadAction","target":["https:\/\/visitoulufi-2025-10-14_10_27_17.test.cchosting.fi\/info\/"]}]},{"@type":"ImageObject","inLanguage":"en-US","@id":"https:\/\/visitoulufi-2025-10-14_10_27_17.test.cchosting.fi\/info\/#primaryimage","url":"https:\/\/visitoulufi-2025-10-14_10_27_17.test.cchosting.fi\/wp-content\/uploads\/2024\/07\/207A0316.jpg","contentUrl":"https:\/\/visitoulufi-2025-10-14_10_27_17.test.cchosting.fi\/wp-content\/uploads\/2024\/07\/207A0316.jpg","width":1920,"height":1280},{"@type":"BreadcrumbList","@id":"https:\/\/visitoulufi-2025-10-14_10_27_17.test.cchosting.fi\/info\/#breadcrumb","itemListElement":[{"@type":"ListItem","position":1,"name":"Etusivu","item":"https:\/\/visitoulufi-2025-10-14_10_27_17.test.cchosting.fi\/"},{"@type":"ListItem","position":2,"name":"Matkailuinfo"}]},{"@type":"WebSite","@id":"https:\/\/visitoulufi-2025-10-14_10_27_17.test.cchosting.fi\/#website","url":"https:\/\/visitoulufi-2025-10-14_10_27_17.test.cchosting.fi\/","name":"Visit Oulu","description":"","potentialAction":[{"@type":"SearchAction","target":{"@type":"EntryPoint","urlTemplate":"https:\/\/visitoulufi-2025-10-14_10_27_17.test.cchosting.fi\/?s={search_term_string}"},"query-input":{"@type":"PropertyValueSpecification","valueRequired":true,"valueName":"search_term_string"}}],"inLanguage":"en-US"}]}},"_links":{"self":[{"href":"http:\/\/visitoulufi-2025-10-14_10_27_17.test.cchosting.fi\/en\/wp-json\/wp\/v2\/pages\/511","targetHints":{"allow":["GET"]}}],"collection":[{"href":"http:\/\/visitoulufi-2025-10-14_10_27_17.test.cchosting.fi\/en\/wp-json\/wp\/v2\/pages"}],"about":[{"href":"http:\/\/visitoulufi-2025-10-14_10_27_17.test.cchosting.fi\/en\/wp-json\/wp\/v2\/types\/page"}],"author":[{"embeddable":true,"href":"http:\/\/visitoulufi-2025-10-14_10_27_17.test.cchosting.fi\/en\/wp-json\/wp\/v2\/users\/10"}],"replies":[{"embeddable":true,"href":"http:\/\/visitoulufi-2025-10-14_10_27_17.test.cchosting.fi\/en\/wp-json\/wp\/v2\/comments?post=511"}],"version-history":[{"count":233,"href":"http:\/\/visitoulufi-2025-10-14_10_27_17.test.cchosting.fi\/en\/wp-json\/wp\/v2\/pages\/511\/revisions"}],"predecessor-version":[{"id":12319,"href":"http:\/\/visitoulufi-2025-10-14_10_27_17.test.cchosting.fi\/en\/wp-json\/wp\/v2\/pages\/511\/revisions\/12319"}],"wp:featuredmedia":[{"embeddable":true,"href":"http:\/\/visitoulufi-2025-10-14_10_27_17.test.cchosting.fi\/en\/wp-json\/wp\/v2\/media\/8019"}],"wp:attachment":[{"href":"http:\/\/visitoulufi-2025-10-14_10_27_17.test.cchosting.fi\/en\/wp-json\/wp\/v2\/media?parent=511"}],"wp:term":[{"taxonomy":"author","embeddable":true,"href":"http:\/\/visitoulufi-2025-10-14_10_27_17.test.cchosting.fi\/en\/wp-json\/wp\/v2\/coauthors?post=511"}],"curies":[{"name":"wp","href":"https:\/\/api.w.org\/{rel}","templated":true}]}}